{"id":16,"date":"2015-08-13T02:38:27","date_gmt":"2015-08-13T02:38:27","guid":{"rendered":"http:\/\/siscotel.com.mx\/portal\/?page_id=16"},"modified":"2025-08-18T18:15:39","modified_gmt":"2025-08-18T18:15:39","slug":"abanico-de-servicios","status":"publish","type":"page","link":"https:\/\/siscotel.com.mx\/portal\/abanico-de-servicios\/","title":{"rendered":"Servicios"},"content":{"rendered":"<p>[et_pb_section fb_built=&#8221;1&#8243; fullwidth=&#8221;on&#8221; next_background_color=&#8221;#edf0f2&#8243; admin_label=&#8221;Hero&#8221; _builder_version=&#8221;4.16&#8243; background_image=&#8221;https:\/\/siscotel.com.mx\/portal\/wp-content\/uploads\/2020\/04\/it-services-09.jpg&#8221; parallax=&#8221;on&#8221; custom_padding=&#8221;0px|0|0px|0px|false|false&#8221; bottom_divider_style=&#8221;slant2&#8243; bottom_divider_flip=&#8221;horizontal&#8221; global_colors_info=&#8221;{}&#8221;][et_pb_fullwidth_header title=&#8221;Conoce nuestro Abanico de Servicios&#8221; text_orientation=&#8221;center&#8221; _builder_version=&#8221;4.16&#8243; title_font=&#8221;Share Tech||||||||&#8221; title_text_align=&#8221;center&#8221; title_font_size=&#8221;80px&#8221; title_line_height=&#8221;1.2em&#8221; content_font=&#8221;Open Sans||||||||&#8221; content_text_align=&#8221;center&#8221; content_font_size=&#8221;18px&#8221; content_line_height=&#8221;1.8em&#8221; background_color=&#8221;rgba(0,0,0,0)&#8221; use_background_color_gradient=&#8221;on&#8221; background_color_gradient_direction=&#8221;140deg&#8221; background_color_gradient_stops=&#8221;rgba(0,72,114,0.9) 0%|rgba(41,17,96,0.8) 100%&#8221; background_color_gradient_start=&#8221;rgba(0,72,114,0.9)&#8221; background_color_gradient_end=&#8221;rgba(41,17,96,0.8)&#8221; parallax=&#8221;on&#8221; parallax_method=&#8221;on&#8221; custom_button_one=&#8221;on&#8221; button_one_text_size=&#8221;15px&#8221; button_one_bg_color=&#8221;#ffa727&#8243; button_one_border_width=&#8221;15px&#8221; button_one_border_color=&#8221;#ffa727&#8243; button_one_border_radius=&#8221;100px&#8221; button_one_letter_spacing=&#8221;5px&#8221; button_one_font=&#8221;Open Sans|700||on|||||&#8221; custom_margin=&#8221;|||&#8221; custom_padding=&#8221;10vw||10vw||true&#8221; custom_padding_tablet=&#8221;100px||100px||true&#8221; custom_padding_phone=&#8221;|||&#8221; custom_padding_last_edited=&#8221;on|desktop&#8221; title_font_size_tablet=&#8221;60px&#8221; title_font_size_phone=&#8221;36px&#8221; title_font_size_last_edited=&#8221;on|phone&#8221; content_font_size_tablet=&#8221;&#8221; content_font_size_phone=&#8221;16px&#8221; content_font_size_last_edited=&#8221;on|phone&#8221; button_one_text_size_tablet=&#8221;&#8221; button_one_text_size_phone=&#8221;&#8221; button_one_text_size_last_edited=&#8221;on|desktop&#8221; button_one_border_color_hover=&#8221;#ff8a3d&#8221; button_one_border_radius_hover=&#8221;100px&#8221; button_one_letter_spacing_hover=&#8221;5px&#8221; button_one_bg_color_hover=&#8221;#ff8a3d&#8221; global_colors_info=&#8221;{}&#8221; button_one_text_size__hover_enabled=&#8221;off&#8221; button_two_text_size__hover_enabled=&#8221;off&#8221; button_one_text_color__hover_enabled=&#8221;off&#8221; button_two_text_color__hover_enabled=&#8221;off&#8221; button_one_border_width__hover_enabled=&#8221;off&#8221; button_two_border_width__hover_enabled=&#8221;off&#8221; button_one_border_color__hover_enabled=&#8221;on&#8221; button_one_border_color__hover=&#8221;#ff8a3d&#8221; button_two_border_color__hover_enabled=&#8221;off&#8221; button_one_border_radius__hover_enabled=&#8221;on&#8221; button_one_border_radius__hover=&#8221;100px&#8221; button_two_border_radius__hover_enabled=&#8221;off&#8221; button_one_letter_spacing__hover_enabled=&#8221;on&#8221; button_one_letter_spacing__hover=&#8221;5px&#8221; button_two_letter_spacing__hover_enabled=&#8221;off&#8221; button_one_bg_color__hover_enabled=&#8221;on&#8221; button_one_bg_color__hover=&#8221;#ff8a3d&#8221; button_two_bg_color__hover_enabled=&#8221;off&#8221;][\/et_pb_fullwidth_header][\/et_pb_section][et_pb_section fb_built=&#8221;1&#8243; admin_label=&#8221;Blog&#8221; _builder_version=&#8221;4.16&#8243; background_color=&#8221;#edf0f2&#8243; global_colors_info=&#8221;{}&#8221;][et_pb_row _builder_version=&#8221;4.16&#8243; custom_margin=&#8221;|||&#8221; custom_padding=&#8221;|||&#8221; global_colors_info=&#8221;{}&#8221;][et_pb_column type=&#8221;4_4&#8243; _builder_version=&#8221;4.16&#8243; custom_padding=&#8221;|||&#8221; global_colors_info=&#8221;{}&#8221; custom_padding__hover=&#8221;|||&#8221;][et_pb_text _builder_version=&#8221;4.16&#8243; text_font=&#8221;Share Tech||||||||&#8221; text_text_color=&#8221;rgba(0,0,0,0.02)&#8221; text_font_size=&#8221;100px&#8221; text_line_height=&#8221;0.2em&#8221; header_font=&#8221;||||||||&#8221; header_2_font=&#8221;Share Tech||||||||&#8221; header_2_font_size=&#8221;48px&#8221; header_2_line_height=&#8221;1.4em&#8221; text_orientation=&#8221;center&#8221; custom_margin=&#8221;||30px||false&#8221; custom_margin_tablet=&#8221;||0px|&#8221; custom_margin_phone=&#8221;&#8221; custom_margin_last_edited=&#8221;on|tablet&#8221; text_font_size_tablet=&#8221;80px&#8221; text_font_size_phone=&#8221;60px&#8221; text_font_size_last_edited=&#8221;on|desktop&#8221; header_2_font_size_tablet=&#8221;&#8221; header_2_font_size_phone=&#8221;36px&#8221; header_2_font_size_last_edited=&#8221;on|phone&#8221; global_colors_info=&#8221;{}&#8221;]<\/p>\n<p>Articles<\/p>\n<h2>Nuestros Servicios<\/h2>\n<p>[\/et_pb_text][\/et_pb_column][\/et_pb_row][et_pb_row column_structure=&#8221;1_3,1_3,1_3&#8243; _builder_version=&#8221;3.25&#8243; background_size=&#8221;initial&#8221; background_position=&#8221;top_left&#8221; background_repeat=&#8221;repeat&#8221; global_module=&#8221;624&#8243; global_colors_info=&#8221;{}&#8221;][et_pb_column type=&#8221;1_3&#8243; _builder_version=&#8221;4.16&#8243; custom_padding=&#8221;|||&#8221; global_colors_info=&#8221;{}&#8221; custom_padding__hover=&#8221;|||&#8221;][et_pb_image src=&#8221;https:\/\/siscotel.com.mx\/portal\/wp-content\/uploads\/2020\/04\/photo-of-people-leaning-on-wooden-table-3183183-1.jpg&#8221; _builder_version=&#8221;4.16&#8243; animation_style=&#8221;fold&#8221; border_radii=&#8221;on|15px|15px|15px|15px&#8221; global_colors_info=&#8221;{}&#8221;][\/et_pb_image][et_pb_blurb title=&#8221;Soporte T\u00e9cnico especializado&#8221; _builder_version=&#8221;4.16&#8243; animation_style=&#8221;flip&#8221; box_shadow_style_image=&#8221;preset1&#8243; global_colors_info=&#8221;{}&#8221;]<\/p>\n<p><strong>\u00bfTiene problemas con los equipos de su empresa?<\/strong><\/p>\n<p><strong>\u00bfSu maquina esta Lenta? <\/strong><br \/><strong>\u00a1No se quiebre la Cabeza! <\/strong><br \/><strong>Llamenos y solucionamos sus problemas<\/strong><\/p>\n<ul>\n<li>Manejamo los sistemas operativos: Windows, Mac, Linux.<\/li>\n<li>Configuramos su red cableada o inalambrica<\/li>\n<li>Eliminamos virus , antivirus falsos, software espia y rescatamos informaci\u00f3n valiosa para usted<\/li>\n<li>Configuracion de servicios de internet en su red, (Infinitum, Axtel, Izzi, etc.)<\/li>\n<li>Puesta a punto de equipos antiguos o lentos<\/li>\n<li>Damos asesor\u00eda v\u00eda telefonica o remota (solo contando con p\u00f3liza de mantenimiento)<\/li>\n<li>Implementamos y damos soporte a software Contpaqi y Aspel<\/li>\n<li>Formateo de equipo, (instalacion de nuevo sistema operativo) y configuracion total para su optimo desempe\u00f1o<\/li>\n<\/ul>\n<p>[\/et_pb_blurb][\/et_pb_column][et_pb_column type=&#8221;1_3&#8243; _builder_version=&#8221;4.16&#8243; custom_padding=&#8221;|||&#8221; global_colors_info=&#8221;{}&#8221; custom_padding__hover=&#8221;|||&#8221;][et_pb_image src=&#8221;https:\/\/siscotel.com.mx\/portal\/wp-content\/uploads\/2020\/04\/black-and-white-hard-disk-drive-2582931.jpg&#8221; align_tablet=&#8221;center&#8221; align_phone=&#8221;&#8221; align_last_edited=&#8221;on|desktop&#8221; _builder_version=&#8221;4.16&#8243; animation_style=&#8221;fold&#8221; border_radii=&#8221;on|15px|15px|15px|15px&#8221; global_colors_info=&#8221;{}&#8221;]\u00a0[\/et_pb_image][et_pb_blurb title=&#8221;Mantenimiento&#8221; _builder_version=&#8221;4.16&#8243; animation_style=&#8221;flip&#8221; box_shadow_style_image=&#8221;preset1&#8243; global_colors_info=&#8221;{}&#8221;]<\/p>\n<p>Mantenimiento preventivo y correctivo al equipo de computo y\u00a0perif\u00e9ricos.<\/p>\n<p>Para alargar la vida \u00fatil de sus equipos es necesario realizarles peri\u00f3dicamente mantenimiento preventivo por lo menos una vez al a\u00f1o, en Siscotel Systems le ayudamos a cumplir con la tarea del Mantenimiento preventivo y correctivo al equipo de computo y\u00a0perif\u00e9ricos.<\/p>\n<p>puede ser por evento o por contrato de\u00a0p\u00f3liza\u00a0de mantenimiento o iguala mensual.<\/p>\n<p>En ambos casos \u00a0usted obtiene un servicio de calidad que ayuda a alargar la vida\u00a0\u00fatil\u00a0de sus equipos.<\/p>\n<p><strong>Total cobertura en las zonas de:<\/strong><\/p>\n<ul>\n<li><strong>Atizapan de Zaragoza.<\/strong><\/li>\n<li><strong>Tlalnepantla de Baz.<\/strong><\/li>\n<li><strong>Naucalpan de Juarez.<\/strong><\/li>\n<li><strong>Cuautitlan Izcalli.<\/strong><\/li>\n<li><strong>Tultitlan y Coacalco.<\/strong><\/li>\n<li><strong>Nicolas Romero<\/strong><\/li>\n<li><strong>Tepotzotlan<\/strong><\/li>\n<li><strong>Todas las delegaciones del Distrito Federal<\/strong><\/li>\n<\/ul>\n<p>[\/et_pb_blurb][\/et_pb_column][et_pb_column type=&#8221;1_3&#8243; _builder_version=&#8221;4.16&#8243; custom_padding=&#8221;|||&#8221; global_colors_info=&#8221;{}&#8221; custom_padding__hover=&#8221;|||&#8221;][et_pb_image src=&#8221;https:\/\/siscotel.com.mx\/portal\/wp-content\/uploads\/2020\/04\/nick-loggie-fRVPzBYcd5A-unsplash.jpg&#8221; align_tablet=&#8221;center&#8221; align_phone=&#8221;&#8221; align_last_edited=&#8221;on|desktop&#8221; _builder_version=&#8221;4.16&#8243; height=&#8221;218px&#8221; max_height=&#8221;1000px&#8221; custom_padding=&#8221;||0px|||&#8221; animation_style=&#8221;fold&#8221; border_radii=&#8221;on|15px|15px|15px|15px&#8221; global_colors_info=&#8221;{}&#8221;]\u00a0[\/et_pb_image][et_pb_blurb title=&#8221;Redes y sistema de CCTV&#8221; _builder_version=&#8221;4.16&#8243; animation_style=&#8221;flip&#8221; box_shadow_style_image=&#8221;preset1&#8243; global_colors_info=&#8221;{}&#8221;]<\/p>\n<p>El problema de la inseguridad en las grandes ciudades es una de las grandes preocupaciones para las empresas y hogares, es por eso que siscotel pone a su servicio la implementacion de Sistema de Circuito Cerrado de Televisi\u00f3n con equipos de alta definici\u00f3n, los cuales le permitiran grabar eventos criticos a la vez que puede monitorear en vivo y desde cualquier lugar del mundo atravez de internet.<\/p>\n<p>Podemos instalar desde 2 camaras y hasta un numero indeterminado de camaras de acuerdo a sus necesidades<\/p>\n<p>Necesita que sus equipos esten conectados en Red?<\/p>\n<p>Dise\u00f1amos e instalamos cableado estructurado para redes de voz y datos desde 2 nodos en categoria 5 y 6.<\/p>\n<p>Si prefiere trabajar sin cables, le Configuramos su Red inalambrica.<\/p>\n<p>[\/et_pb_blurb][\/et_pb_column][\/et_pb_row][\/et_pb_section][et_pb_section fb_built=&#8221;1&#8243; admin_label=&#8221;FAQ&#8221; _builder_version=&#8221;4.16&#8243; custom_padding=&#8221;100px|0px|54px|0px|false|false&#8221; global_colors_info=&#8221;{}&#8221;][et_pb_row column_structure=&#8221;1_3,1_3,1_3&#8243; _builder_version=&#8221;3.25&#8243; background_size=&#8221;initial&#8221; background_position=&#8221;top_left&#8221; background_repeat=&#8221;repeat&#8221; global_module=&#8221;625&#8243; global_colors_info=&#8221;{}&#8221;][et_pb_column type=&#8221;1_3&#8243; _builder_version=&#8221;4.16&#8243; custom_padding=&#8221;|||&#8221; global_colors_info=&#8221;{}&#8221; custom_padding__hover=&#8221;|||&#8221;][et_pb_image src=&#8221;https:\/\/siscotel.com.mx\/portal\/wp-content\/uploads\/2020\/04\/campaign-creators-s2ZliJLKS7.jpg&#8221; align_tablet=&#8221;center&#8221; align_phone=&#8221;&#8221; align_last_edited=&#8221;on|desktop&#8221; _builder_version=&#8221;4.16&#8243; animation_style=&#8221;fold&#8221; border_radii=&#8221;on|15px|15px|15px|15px&#8221; global_colors_info=&#8221;{}&#8221;]\u00a0[\/et_pb_image][et_pb_blurb title=&#8221;Dise\u00f1o Web&#8221; _builder_version=&#8221;4.16&#8243; animation_style=&#8221;flip&#8221; box_shadow_style_image=&#8221;preset1&#8243; global_colors_info=&#8221;{}&#8221;]<\/p>\n<p>Dise\u00f1amos su pagina de internet y brindamos el servicio de hosting\u00a0para mostrarla al mundo.<\/p>\n<p>Contamos con atractivos paquetes con precios desde $3,000.00 pesos mexicanos, incluye dise\u00f1o, registro de dominio y hosting.<\/p>\n<p>Si usted ya cuenta con una pagina tambien ofrecemos el servicio de Hosting con una gran estabilidad.<\/p>\n<p>nuestros servidores estan ubicados en Texas USA.<\/p>\n<p><strong>Solicite su cotizaci\u00f3n ahora mismo<\/strong><\/p>\n<p>[\/et_pb_blurb][\/et_pb_column][et_pb_column type=&#8221;1_3&#8243; _builder_version=&#8221;4.16&#8243; custom_padding=&#8221;|||&#8221; global_colors_info=&#8221;{}&#8221; custom_padding__hover=&#8221;|||&#8221;][et_pb_image src=&#8221;https:\/\/siscotel.com.mx\/portal\/wp-content\/uploads\/2024\/08\/voip-phone3.png&#8221; force_fullwidth=&#8221;on&#8221; align_tablet=&#8221;center&#8221; align_phone=&#8221;&#8221; align_last_edited=&#8221;on|desktop&#8221; _builder_version=&#8221;4.27.4&#8243; module_alignment=&#8221;center&#8221; min_height=&#8221;218px&#8221; height=&#8221;177px&#8221; max_height=&#8221;1000px&#8221; animation_style=&#8221;fold&#8221; hover_enabled=&#8221;0&#8243; border_radii=&#8221;on|15px|15px|15px|15px&#8221; box_shadow_style=&#8221;preset1&#8243; global_colors_info=&#8221;{}&#8221; title_text=&#8221;voip-phone3&#8243; sticky_enabled=&#8221;0&#8243;]\u00a0[\/et_pb_image][et_pb_blurb title=&#8221;Telefonia&#8221; _builder_version=&#8221;4.27.4&#8243; animation_style=&#8221;flip&#8221; hover_enabled=&#8221;0&#8243; box_shadow_style_image=&#8221;preset1&#8243; global_colors_info=&#8221;{}&#8221; sticky_enabled=&#8221;0&#8243;]<\/p>\n<p>Venta, Inplementacion Configuraci\u00f3n y puesta en marcha de Conmutadores virtuales.<\/p>\n<p>Todo desde la nube,\u00a0 servicio totalmente digital,\u00a0 lineas de 3 y 10 canales<\/p>\n<p>[\/et_pb_blurb][\/et_pb_column][et_pb_column type=&#8221;1_3&#8243; _builder_version=&#8221;4.16&#8243; custom_padding=&#8221;|||&#8221; global_colors_info=&#8221;{}&#8221; custom_padding__hover=&#8221;|||&#8221;][et_pb_image src=&#8221;https:\/\/siscotel.com.mx\/portal\/wp-content\/uploads\/2020\/04\/Products_Banner2-997&#215;445-1.jpg&#8221; align=&#8221;center&#8221; align_tablet=&#8221;center&#8221; align_phone=&#8221;&#8221; align_last_edited=&#8221;on|desktop&#8221; _builder_version=&#8221;4.16&#8243; height=&#8221;220px&#8221; max_height=&#8221;1000px&#8221; animation_style=&#8221;fold&#8221; border_radii=&#8221;on|15px|15px|15px|15px&#8221; box_shadow_style=&#8221;preset1&#8243; global_colors_info=&#8221;{}&#8221;]\u00a0[\/et_pb_image][et_pb_blurb title=&#8221;Venta de equipo&#8221; _builder_version=&#8221;4.16&#8243; animation_style=&#8221;flip&#8221; box_shadow_style_image=&#8221;preset1&#8243; global_colors_info=&#8221;{}&#8221;]\u00bfNecesita adquirir equipo de computo nuevo por crecimiento o renovaci\u00f3n? Nosotros podemos apoyarle, manejamos todas las marcas del mercado, \u00bfNo encuentra el consumible de su impresora? por favor ll\u00e1menos y pida una Cotizaci\u00f3n.[\/et_pb_blurb][\/et_pb_column][\/et_pb_row][\/et_pb_section]<\/p>\n","protected":false},"excerpt":{"rendered":"<p>Articles Nuestros Servicios\u00bfTiene problemas con los equipos de su empresa? \u00bfSu maquina esta Lenta? \u00a1No se quiebre la Cabeza! Llamenos y solucionamos sus problemas Manejamo los sistemas operativos: Windows, Mac, Linux. Configuramos su red cableada o inalambrica Eliminamos virus , antivirus falsos, software espia y rescatamos informaci\u00f3n valiosa para usted Configuracion de servicios de internet [&hellip;]<\/p>\n","protected":false},"author":1,"featured_media":0,"parent":0,"menu_order":0,"comment_status":"closed","ping_status":"closed","template":"","meta":{"_et_pb_use_builder":"on","_et_pb_old_content":"[vc_row][vc_column][vc_column_text]\n\n[\/vc_column_text][\/vc_column][\/vc_row][vc_row][vc_column width=\"1\/1\"][info_list position=\"left\" style=\"circle with_bg\" icon_border_style=\"none\" icon_border_size=\"1\" border_color=\"#333333\" connector_color=\"#333333\" icon_bg_color=\"#1e73be\" icon_color=\"#f2f2f2\" font_size_icon=\"24\"][info_list_item list_title=\"Telefonia\" icon_type=\"selector\" list_icon=\"Defaults-phone\" animation=\"slideInLeft\" info_list_link_apply=\"container\" title_font_size=\"16\" title_font_line_height=\"24\" desc_font_size=\"13\" desc_font_line_height=\"18\" info_list_link=\"||\"]Venta,&nbsp;Instalaci\u00f3n,&nbsp;Configuraci\u00f3n&nbsp;de Conmutadores&nbsp;Telef\u00f3nicos Marca&nbsp;Panasonic.\n\nDigitales y analogicos[\/info_list_item][info_list_item icon_type=\"selector\" list_icon=\"Defaults-shopping-cart\" info_list_link_apply=\"no-link\" title_font_size=\"16\" title_font_line_height=\"24\" desc_font_size=\"13\" desc_font_line_height=\"18\" list_title=\"Venta\" animation=\"slideInLeft\"]\u00bfNecesita adquirir equipo de computo nuevo por crecimiento o renovaci\u00f3n? Nosotros podemos apoyarle, manejamos todas las marcas del mercado, \u00bfNo encuentra el consumible de su impresora? por favor&nbsp;ll\u00e1menos&nbsp;y pida una Cotizaci\u00f3n.[\/info_list_item][info_list_item list_title=\"Soporte\" icon_type=\"selector\" animation=\"slideInLeft\" info_list_link_apply=\"no-link\" title_font_size=\"16\" title_font_line_height=\"24\" desc_font_size=\"13\" desc_font_line_height=\"18\" list_icon=\"Defaults-ok-circle\"]<strong>Soporte T\u00e9cnico especializado.<\/strong>\n\n<strong>\u00bfSu maquina esta Lenta? <\/strong>\n<strong>\u00bfTiene problemas con los equipos de su empresa?<\/strong>\n<strong>\u00a1No se quiebre la Cabeza! <\/strong>\n<strong>Llamenos y solucionamos sus problemas<\/strong>\n<ul>\n \t<li>Manejamo los sistemas operativos: Windows, Mac, Linux.<\/li>\n \t<li>Configuramos su red cableada o inalambrica<\/li>\n \t<li>Eliminamos virus , antivirus falsos, software espia y rescatamos informaci\u00f3n valiosa para usted<\/li>\n \t<li>Configuracion de servicios de internet en su red, (Infinitum, Axtel, cablevision, etc.)<\/li>\n \t<li>Puesta a punto de equipos antiguos o lentos<\/li>\n \t<li>Damos asesor\u00eda v\u00eda telefoIca o remota (solo contando con p\u00f3liza de mantenimiento)<\/li>\n \t<li>Implementamos software Compaqi y Aspel<\/li>\n \t<li>Formateo de equipo, (intalacion de nuevo sistema operativo) y configuracion total para su optimo desempe\u00f1o<\/li>\n<\/ul>\n[\/info_list_item][info_list_item list_title=\"Dise\u00f1o Web\" icon_type=\"selector\" list_icon=\"Defaults-cloud-upload\" animation=\"slideInLeft\" info_list_link_apply=\"no-link\" title_font_size=\"16\" title_font_line_height=\"24\" desc_font_size=\"13\" desc_font_line_height=\"18\"]Dise\u00f1amos su pagina de internet y brindamos el servicio de hosting\n\npara mostrarla al mundo.\n\nContamos con atractivos paquetes desde 2500 dise\u00f1o dominio y hosting\n\n<strong>Solicite su cotizaci\u00f3n ahora mismo<\/strong>[\/info_list_item][info_list_item list_title=\"Mantenimiento\" icon_type=\"selector\" list_icon=\"Defaults-wrench\" animation=\"slideInLeft\" info_list_link_apply=\"no-link\" title_font_size=\"16\" title_font_line_height=\"24\" desc_font_size=\"13\" desc_font_line_height=\"18\"]Mantenimiento preventivo y correctivo al equipo de computo y&nbsp;perif\u00e9ricos.\n\npuede ser por evento o por contrato de&nbsp;p\u00f3liza&nbsp;de mantenimiento o iguala mensual.\n\nEn ambos casos &nbsp;usted obtiene un servicio de calidad que ayuda a alargar la vida&nbsp;\u00fatil&nbsp;de sus equipos.\n\n<strong>Total cobertura en las zonas de:<\/strong>\n<ul>\n \t<li><strong>Atizapan de Zaragoza.<\/strong><\/li>\n \t<li><strong>Tlalnepantla de Baz.<\/strong><\/li>\n \t<li><strong>Naucalpan de Juarez.<\/strong><\/li>\n \t<li><strong>Cuautitlan Izcalli.<\/strong><\/li>\n \t<li><strong>Tultitlan y Coacalco.<\/strong><\/li>\n \t<li><strong>Ecatepec.<\/strong><\/li>\n \t<li><strong>Nicolas Romero<\/strong><\/li>\n \t<li><strong>Tepotzotlan<\/strong><\/li>\n \t<li><strong>Todas las delegaciones del Distrito Federal<\/strong><\/li>\n<\/ul>\n[\/info_list_item][\/info_list][\/vc_column][\/vc_row]","_et_gb_content_width":"","footnotes":""},"class_list":["post-16","page","type-page","status-publish","hentry"],"_links":{"self":[{"href":"https:\/\/siscotel.com.mx\/portal\/wp-json\/wp\/v2\/pages\/16","targetHints":{"allow":["GET"]}}],"collection":[{"href":"https:\/\/siscotel.com.mx\/portal\/wp-json\/wp\/v2\/pages"}],"about":[{"href":"https:\/\/siscotel.com.mx\/portal\/wp-json\/wp\/v2\/types\/page"}],"author":[{"embeddable":true,"href":"https:\/\/siscotel.com.mx\/portal\/wp-json\/wp\/v2\/users\/1"}],"replies":[{"embeddable":true,"href":"https:\/\/siscotel.com.mx\/portal\/wp-json\/wp\/v2\/comments?post=16"}],"version-history":[{"count":2,"href":"https:\/\/siscotel.com.mx\/portal\/wp-json\/wp\/v2\/pages\/16\/revisions"}],"predecessor-version":[{"id":24727,"href":"https:\/\/siscotel.com.mx\/portal\/wp-json\/wp\/v2\/pages\/16\/revisions\/24727"}],"wp:attachment":[{"href":"https:\/\/siscotel.com.mx\/portal\/wp-json\/wp\/v2\/media?parent=16"}],"curies":[{"name":"wp","href":"https:\/\/api.w.org\/{rel}","templated":true}]}}